{"id":2329,"date":"2017-09-25T15:49:55","date_gmt":"2017-09-25T15:49:55","guid":{"rendered":"https:\/\/www.indianwayfilm.com\/agradecimientos\/"},"modified":"2017-10-10T16:31:37","modified_gmt":"2017-10-10T16:31:37","slug":"thanks","status":"publish","type":"page","link":"https:\/\/www.indianwayfilm.com\/en\/thanks\/","title":{"rendered":"Agradecimientos"},"content":{"rendered":"<p>[vc_row el_id=&#8221;Agradecimientos&#8221; css=&#8221;.vc_custom_1506359845513{padding-top: 100px !important;}&#8221;][vc_column][fcampaign_headline seperator=&#8221;yes&#8221; title=&#8221;Thanks&#8221; info_list=&#8221;%5B%7B%7D%5D&#8221; text=&#8221;List of collaborators who have done financial contributions by crowdfunding for the feature film project &#8220;INDIAN WAY&#8220;..<br \/>\n(This list will be updated periodically)<\/p>\n<p>THANK YOU VERY MUCH FOR YOUR SUPPORT.&#8221;][\/vc_column][\/vc_row][vc_row][vc_column css_animation=&#8221;none&#8221; width=&#8221;1\/3&#8243;][vc_column_text]<\/p>\n<p class=\"p1\"><span class=\"s1\"><b>ALFONSO RODR\u00cdGUEZ PAZ (Spain)<\/b><\/span><\/p>\n<p class=\"p1\"><span class=\"s1\"><b>AMELIA HUNTER (Austalia)<\/b><\/span><\/p>\n<p class=\"p1\"><span class=\"s1\"><b>ANA VELASCO DOM\u00cdNGUEZ (Spain)<\/b><\/span><\/p>\n<p class=\"p1\"><span class=\"s1\"><b>ARTURO ROMERO ALEGRET (Spain)<\/b><\/span><\/p>\n<p class=\"p1\"><span class=\"s1\"><b>BETH SANDERS (U.K.)<\/b><\/span><\/p>\n<p class=\"p1\"><span class=\"s1\"><b>CANDELA VIDAL BLANCO (Spain)<\/b><\/span><\/p>\n<p class=\"p1\"><span class=\"s1\"><b>C\u00c1NDIDO PAZ-ARES (Spain)<\/b><\/span><\/p>\n<p class=\"p1\"><span class=\"s1\"><b>CARLOS YERBES (Spain)<\/b><\/span><\/p>\n<p class=\"p1\"><span class=\"s1\"><b>CLARA MIRALBELL (Spain)<\/b><\/span><\/p>\n<p class=\"p1\"><span class=\"s1\"><b>DAVID HILARIO (Spain)<\/b><\/span><\/p>\n<p class=\"p1\"><span class=\"s1\"><b>ELENA P\u00c9REZ RUMPLER (Spain)<\/b><\/span><\/p>\n<p class=\"p1\"><span class=\"s1\"><b>ENDIKA ELOSEGI (Spain)<\/b><\/span><\/p>\n<p class=\"p1\"><span class=\"s1\"><b>EMMA BLANCO GARC\u00cdA (Spain)<\/b><\/span><\/p>\n<p class=\"p1\"><span class=\"s1\"><b>ENRIQUE BLANCO RODR\u00cdGUEZ (Spain)<\/b><\/span><\/p>\n<p class=\"p1\"><span class=\"s1\"><b>ENRIQUETA GARCIA GARCIA (Spain)<\/b><\/span><\/p>\n<p class=\"p1\"><span class=\"s1\"><b>EVA BARRO GARC\u00cdA (Spain)<\/b><\/span><\/p>\n<p class=\"p1\"><span class=\"s1\"><b>EVA TORRES \u201cDINAMITA\u201d (Spain)<\/b><\/span><\/p>\n<p class=\"p1\"><span class=\"s1\"><b>FELIPE LAGE (Spain)<\/b><\/span><\/p>\n<p class=\"p1\"><span class=\"s1\"><b>FRANCESC SITGES-SARD\u00c0 (Spain)<\/b><\/span><\/p>\n<p class=\"p1\"><span class=\"s1\"><b>FREDERIC SUBAYROLE (France)<\/b><\/span><\/p>\n<p class=\"p1\"><span class=\"s1\"><b>FEDERICO P\u00c9REZ RUMPLER (Spain)<\/b><\/span><\/p>\n<p class=\"p1\"><span class=\"s1\"><b>GABRIELLA NAPOLITANO (Italy)<\/b><\/span><\/p>\n<p>[\/vc_column_text][\/vc_column][vc_column width=&#8221;1\/3&#8243;][vc_column_text]<\/p>\n<p style=\"text-align: center;\"><span class=\"s1\"><b>GERARDO MATALLANA (Spain)<\/b><\/span><\/p>\n<p class=\"p1\" style=\"text-align: center;\"><span class=\"s1\"><b>GUILLERMO D\u00cdAZ CHARL\u00cdN (Spain)<\/b><\/span><\/p>\n<p class=\"p1\" style=\"text-align: center;\"><span class=\"s1\"><b>HELENA RUMPLER AUER (Austria)<\/b><\/span><\/p>\n<p class=\"p1\" style=\"text-align: center;\"><span class=\"s1\"><b>ISABEL ALAVEDRA TORRENT (Spain)<\/b><\/span><\/p>\n<p class=\"p1\" style=\"text-align: center;\"><span class=\"s1\"><b>ISABEL HERGUERA (Spain)<\/b><\/span><\/p>\n<p class=\"p1\" style=\"text-align: center;\"><span class=\"s1\"><b>ISHWARI \/ IRENE FRANCO COMIS (Spain)<\/b><\/span><\/p>\n<p class=\"p1\" style=\"text-align: center;\"><span class=\"s1\"><b>JAVIER MATA CONTRERAS (Spain)<\/b><\/span><\/p>\n<p class=\"p1\" style=\"text-align: center;\"><span class=\"s1\"><b>JORDI CASTELL (Spain)<\/b><\/span><\/p>\n<p class=\"p1\" style=\"text-align: center;\"><span class=\"s1\"><b>JOS\u00c9 ALIAS S\u00c1NCHEZ (Spain)<\/b><\/span><\/p>\n<p class=\"p1\" style=\"text-align: center;\"><span class=\"s1\"><b>JOS\u00c9 LUIS BERNAL (Spain)<\/b><\/span><\/p>\n<p class=\"p1\" style=\"text-align: center;\"><span class=\"s1\"><b>JOS\u00c9 LUIS RECUNA CUI\u00d1A (Spain)<\/b><\/span><\/p>\n<p class=\"p1\" style=\"text-align: center;\"><span class=\"s1\"><b>JOS\u00c9 MAR\u00cdA FERN\u00c1NDEZ DAPENA (Spain)<\/b><\/span><\/p>\n<p class=\"p1\" style=\"text-align: center;\"><span class=\"s1\"><b>JES\u00daS CARRASCO MU\u00d1OZ-PRATS (Spain)<\/b><\/span><\/p>\n<p class=\"p1\" style=\"text-align: center;\"><span class=\"s1\"><b>KIKO MORENO ONCINS (Spain)<\/b><\/span><\/p>\n<p class=\"p1\" style=\"text-align: center;\"><span class=\"s1\"><b>LAURA REDRUELLO (USA)<\/b><\/span><\/p>\n<p class=\"p1\" style=\"text-align: center;\"><span class=\"s1\"><b>LORENA P\u00c9REZ RUMPLEZ (USA)<\/b><\/span><\/p>\n<p class=\"p1\" style=\"text-align: center;\"><span class=\"s1\"><b>LESTER CHAN (Austria)<\/b><\/span><\/p>\n<p class=\"p1\" style=\"text-align: center;\"><span class=\"s1\"><b>LUIS PRIETO (Spain)<\/b><\/span><\/p>\n<p class=\"p1\" style=\"text-align: center;\"><span class=\"s1\"><b>LUKAS BEHAL (Czech Republic)<\/b><\/span><\/p>\n<p class=\"p1\" style=\"text-align: center;\"><span class=\"s1\"><b>MAR\u00cdA JES\u00daS MATA VERDEJO (Spain)<\/b><\/span><\/p>\n<p class=\"p1\" style=\"text-align: center;\"><span class=\"s1\"><b>MAR\u00cdA PILAR G\u00d3MEZ (Spain)<\/b><\/span><\/p>\n<p>[\/vc_column_text][\/vc_column][vc_column width=&#8221;1\/3&#8243;][vc_column_text]<\/p>\n<p class=\"p1\" style=\"text-align: right;\"><span class=\"s1\"><b>MAR\u00cdA XOS\u00c9 GARC\u00cdA ESCUDERO (Spain)<\/b><\/span><\/p>\n<p class=\"p1\" style=\"text-align: right;\"><span class=\"s1\"><b>MEL ARKI SAMPEDRO GARC\u00cdA (Spain)<\/b><\/span><\/p>\n<p class=\"p1\" style=\"text-align: right;\"><span class=\"s1\"><b>MOIS\u00c9S L\u00d3PEZ (C\u00e1\u00f1amo) (Spain)<\/b><\/span><\/p>\n<p class=\"p1\" style=\"text-align: right;\"><span class=\"s1\"><b>MONTSERRAT ROIG DE PUIG (Spain)<\/b><\/span><\/p>\n<p class=\"p1\" style=\"text-align: right;\"><span class=\"s1\"><b>PABLO VIDAL VIDAL (Spain)<\/b><\/span><\/p>\n<p class=\"p1\" style=\"text-align: right;\"><span class=\"s1\"><b>PATRICIA P\u00c9REZ RUMPLER (Spain)<\/b><\/span><\/p>\n<p class=\"p1\" style=\"text-align: right;\"><span class=\"s1\"><b>PEDRO L. S\u00c1NCHEZ (Spain)<\/b><\/span><\/p>\n<p class=\"p1\" style=\"text-align: right;\"><span class=\"s1\"><b>PEDRO P. VAQUER CABALLERIA (Spain)<\/b><\/span><\/p>\n<p class=\"p1\" style=\"text-align: right;\"><span class=\"s1\"><b>PEP PLANAS MARESMA (Spain)<\/b><\/span><\/p>\n<p class=\"p1\" style=\"text-align: right;\"><span class=\"s1\"><b>RAM\u00d3N RODR\u00cdGUEZ R\u00cdOS (Spain)<\/b><\/span><\/p>\n<p class=\"p1\" style=\"text-align: right;\"><span class=\"s1\"><b>RAQUEL VIDAL BLANCO (Spain)<\/b><\/span><\/p>\n<p class=\"p1\" style=\"text-align: right;\"><span class=\"s1\"><b>RA\u00daL DEL PINO RAMOS (Spain)<\/b><\/span><\/p>\n<p class=\"p1\" style=\"text-align: right;\"><span class=\"s1\"><b>RODOLFO BLANCO GARC\u00cdA (Spain)<\/b><\/span><\/p>\n<p class=\"p1\" style=\"text-align: right;\"><span class=\"s1\"><b>ROI RODR\u00cdGUEZ DE BERNARDO (Spain)<\/b><\/span><\/p>\n<p class=\"p1\" style=\"text-align: right;\"><span class=\"s1\"><b>ROMINA COCCA (Italy)<\/b><\/span><\/p>\n<p class=\"p1\" style=\"text-align: right;\"><span class=\"s1\"><b>RUB\u00c9N GARC\u00cdA JUNCAL (Spain)<\/b><\/span><\/p>\n<p class=\"p1\" style=\"text-align: right;\"><span class=\"s1\"><b>SARA MOYANO P\u00c9REZ (Spain)<\/b><\/span><\/p>\n<p class=\"p1\" style=\"text-align: right;\"><span class=\"s1\"><b>SILVIA YERBES (Spain)<\/b><\/span><\/p>\n<p class=\"p1\" style=\"text-align: right;\"><span class=\"s1\"><b>SUSANA BAS (Spain)<\/b><\/span><\/p>\n<p class=\"p1\" style=\"text-align: right;\"><span class=\"s1\"><b>SYLVIA REIGADA MARTINEZ (Spain)<\/b><\/span><\/p>\n<p class=\"p1\" style=\"text-align: right;\"><span class=\"s1\"><b>YOLANDA ROMERO (Spain)<\/b><\/span><\/p>\n<p class=\"p1\" style=\"text-align: right;\"><span class=\"s1\"><b>YVES COHEN (France)<\/b><\/span><\/p>\n<p>[\/vc_column_text][\/vc_column][\/vc_row][vc_row][vc_column][vc_empty_space height=&#8221;128&#8243;][\/vc_column][\/vc_row]<\/p>\n","protected":false},"excerpt":{"rendered":"<p>[vc_row el_id=&#8221;Agradecimientos&#8221; css=&#8221;.vc_custom_1506359845513{padding-top: 100px !important;}&#8221;][vc_column][fcampaign_headline seperator=&#8221;yes&#8221; title=&#8221;Thanks&#8221; info_list=&#8221;%5B%7B%7D%5D&#8221; text=&#8221;List of collaborators who&#8230;<\/p>\n","protected":false},"author":1,"featured_media":0,"parent":0,"menu_order":0,"comment_status":"open","ping_status":"closed","template":"","meta":[],"yoast_head":"<!-- This site is optimized with the Yoast SEO plugin v15.4 - https:\/\/yoast.com\/wordpress\/plugins\/seo\/ -->\n<title>Agradecimientos - INDIAN WAY<\/title>\n<meta name=\"robots\" content=\"index, follow, max-snippet:-1, max-image-preview:large, max-video-preview:-1\" \/>\n<link rel=\"canonical\" href=\"https:\/\/www.indianwayfilm.com\/en\/thanks\/\" \/>\n<meta property=\"og:locale\" content=\"en_US\" \/>\n<meta property=\"og:type\" content=\"article\" \/>\n<meta property=\"og:title\" content=\"Agradecimientos - INDIAN WAY\" \/>\n<meta property=\"og:description\" content=\"[vc_row el_id=&#8221;Agradecimientos&#8221; css=&#8221;.vc_custom_1506359845513{padding-top: 100px !important;}&#8221;][vc_column][fcampaign_headline seperator=&#8221;yes&#8221; title=&#8221;Thanks&#8221; info_list=&#8221;%5B%7B%7D%5D&#8221; text=&#8221;List of collaborators who...\" \/>\n<meta property=\"og:url\" content=\"https:\/\/www.indianwayfilm.com\/en\/thanks\/\" \/>\n<meta property=\"og:site_name\" content=\"INDIAN WAY\" \/>\n<meta property=\"article:publisher\" content=\"https:\/\/www.facebook.com\/indianwayfilm\/\" \/>\n<meta property=\"article:modified_time\" content=\"2017-10-10T16:31:37+00:00\" \/>\n<meta name=\"twitter:card\" content=\"summary\" \/>\n<meta name=\"twitter:creator\" content=\"@davidblancoga\" \/>\n<meta name=\"twitter:site\" content=\"@davidblancoga\" \/>\n<meta name=\"twitter:label1\" content=\"Written by\">\n\t<meta name=\"twitter:data1\" content=\"Indian Way\">\n\t<meta name=\"twitter:label2\" content=\"Est. reading time\">\n\t<meta name=\"twitter:data2\" content=\"2 minutes\">\n<script type=\"application\/ld+json\" class=\"yoast-schema-graph\">{\"@context\":\"https:\/\/schema.org\",\"@graph\":[{\"@type\":\"Organization\",\"@id\":\"https:\/\/www.indianwayfilm.com\/en\/#organization\",\"name\":\"INDIAN WAY\",\"url\":\"https:\/\/www.indianwayfilm.com\/en\/\",\"sameAs\":[\"https:\/\/www.facebook.com\/indianwayfilm\/\",\"https:\/\/twitter.com\/davidblancoga\"],\"logo\":{\"@type\":\"ImageObject\",\"@id\":\"https:\/\/www.indianwayfilm.com\/en\/#logo\",\"inLanguage\":\"en-US\",\"url\":\"https:\/\/www.indianwayfilm.com\/wp-content\/uploads\/2017\/03\/sinopsis.jpg\",\"width\":907,\"height\":1024,\"caption\":\"INDIAN WAY\"},\"image\":{\"@id\":\"https:\/\/www.indianwayfilm.com\/en\/#logo\"}},{\"@type\":\"WebSite\",\"@id\":\"https:\/\/www.indianwayfilm.com\/en\/#website\",\"url\":\"https:\/\/www.indianwayfilm.com\/en\/\",\"name\":\"INDIAN WAY\",\"description\":\"El viaje a pie de dos hombres atravesando el Sur de la India durante el tsunami\",\"publisher\":{\"@id\":\"https:\/\/www.indianwayfilm.com\/en\/#organization\"},\"potentialAction\":[{\"@type\":\"SearchAction\",\"target\":\"https:\/\/www.indianwayfilm.com\/en\/?s={search_term_string}\",\"query-input\":\"required name=search_term_string\"}],\"inLanguage\":\"en-US\"},{\"@type\":\"WebPage\",\"@id\":\"https:\/\/www.indianwayfilm.com\/en\/thanks\/#webpage\",\"url\":\"https:\/\/www.indianwayfilm.com\/en\/thanks\/\",\"name\":\"Agradecimientos - INDIAN WAY\",\"isPartOf\":{\"@id\":\"https:\/\/www.indianwayfilm.com\/en\/#website\"},\"datePublished\":\"2017-09-25T15:49:55+00:00\",\"dateModified\":\"2017-10-10T16:31:37+00:00\",\"inLanguage\":\"en-US\",\"potentialAction\":[{\"@type\":\"ReadAction\",\"target\":[\"https:\/\/www.indianwayfilm.com\/en\/thanks\/\"]}]}]}<\/script>\n<!-- \/ Yoast SEO plugin. -->","_links":{"self":[{"href":"https:\/\/www.indianwayfilm.com\/en\/wp-json\/wp\/v2\/pages\/2329"}],"collection":[{"href":"https:\/\/www.indianwayfilm.com\/en\/wp-json\/wp\/v2\/pages"}],"about":[{"href":"https:\/\/www.indianwayfilm.com\/en\/wp-json\/wp\/v2\/types\/page"}],"author":[{"embeddable":true,"href":"https:\/\/www.indianwayfilm.com\/en\/wp-json\/wp\/v2\/users\/1"}],"replies":[{"embeddable":true,"href":"https:\/\/www.indianwayfilm.com\/en\/wp-json\/wp\/v2\/comments?post=2329"}],"version-history":[{"count":2,"href":"https:\/\/www.indianwayfilm.com\/en\/wp-json\/wp\/v2\/pages\/2329\/revisions"}],"predecessor-version":[{"id":2331,"href":"https:\/\/www.indianwayfilm.com\/en\/wp-json\/wp\/v2\/pages\/2329\/revisions\/2331"}],"wp:attachment":[{"href":"https:\/\/www.indianwayfilm.com\/en\/wp-json\/wp\/v2\/media?parent=2329"}],"curies":[{"name":"wp","href":"https:\/\/api.w.org\/{rel}","templated":true}]}}